{"id":1131,"date":"2025-03-19T18:35:12","date_gmt":"2025-03-19T18:35:12","guid":{"rendered":"https:\/\/sabotiga.es\/?page_id=1131"},"modified":"2026-03-31T10:00:18","modified_gmt":"2026-03-31T10:00:18","slug":"metodo-tradicional","status":"publish","type":"page","link":"https:\/\/sabotiga.es\/en\/metodo-tradicional\/","title":{"rendered":"Order form"},"content":{"rendered":"<div data-elementor-type=\"wp-page\" data-elementor-id=\"1131\" class=\"elementor elementor-1131\">\n\t\t\t\t<div class=\"elementor-element elementor-element-f0392ff e-flex e-con-boxed e-con e-parent\" data-id=\"f0392ff\" data-element_type=\"container\" data-e-type=\"container\">\n\t\t\t\t\t<div class=\"e-con-inner\">\n\t\t\t\t<div class=\"elementor-element elementor-element-53abaded elementor-widget elementor-widget-text-editor\" data-id=\"53abaded\" data-element_type=\"widget\" data-e-type=\"widget\" data-widget_type=\"text-editor.default\">\n\t\t\t\t<div class=\"elementor-widget-container\">\n\t\t\t\t\t\t\t\t\t\n<p><strong>1 Download the Excel:<\/strong><\/p>\n\n<p>\u2013 Click the download link and choose your preferred language using the flag.<\/p>\n\n<p><strong>2 Fill in the Excel:<\/strong><\/p>\n\n<p>\u2013 Open the downloaded file and enter the quantity of each product you wish to order. The price will be added automatically.<\/p>\n\n<p>\u2013 Don&#039;t forget to include the boat name, delivery address, and approximate delivery date and time.<\/p>\n\n<p><strong>3 Send the Excel:<\/strong><\/p>\n\n<p>\u2013 Save the file and send it to info@sabotiga.es.<\/p>\n\n<p><strong>4 Receive your Confirmation:<\/strong><\/p>\n\n<p>We&#039;ll send you an email confirming your order and the delivery date.<\/p>\n\n<p>So easy and fast!<\/p>\n\t\t\t\t\t\t\t\t<\/div>\n\t\t\t\t<\/div>\n\t\t\t\t\t<\/div>\n\t\t\t\t<\/div>\n\t\t<div class=\"elementor-element elementor-element-09cd1b7 e-grid e-con-boxed e-con e-parent\" data-id=\"09cd1b7\" data-element_type=\"container\" data-e-type=\"container\">\n\t\t\t\t\t<div class=\"e-con-inner\">\n\t\t\t\t<div class=\"elementor-element elementor-element-135fb86 elementor-widget__width-auto elementor-widget elementor-widget-image\" data-id=\"135fb86\" data-element_type=\"widget\" data-e-type=\"widget\" data-widget_type=\"image.default\">\n\t\t\t\t<div class=\"elementor-widget-container\">\n\t\t\t\t\t\t\t\t\t\t\t\t\t\t\t\t<a href=\"https:\/\/sabotiga.es\/wp-content\/uploads\/2025\/03\/Espanol.xlsx\">\n\t\t\t\t\t\t\t<img decoding=\"async\" width=\"100\" height=\"100\" src=\"https:\/\/sabotiga.es\/wp-content\/uploads\/2025\/03\/Bandera_de_Espana.svg-100x100.webp\" class=\"attachment-woocommerce_gallery_thumbnail size-woocommerce_gallery_thumbnail wp-image-1168\" alt=\"\" srcset=\"https:\/\/sabotiga.es\/wp-content\/uploads\/2025\/03\/Bandera_de_Espana.svg-100x100.webp 100w, https:\/\/sabotiga.es\/wp-content\/uploads\/2025\/03\/Bandera_de_Espana.svg-150x150.webp 150w, https:\/\/sabotiga.es\/wp-content\/uploads\/2025\/03\/Bandera_de_Espana.svg-300x300.webp 300w\" sizes=\"(max-width: 100px) 100vw, 100px\" \/>\t\t\t\t\t\t\t\t<\/a>\n\t\t\t\t\t\t\t\t\t\t\t\t\t\t\t<\/div>\n\t\t\t\t<\/div>\n\t\t\t\t<div class=\"elementor-element elementor-element-42bdad7 elementor-widget elementor-widget-image\" data-id=\"42bdad7\" data-element_type=\"widget\" data-e-type=\"widget\" data-widget_type=\"image.default\">\n\t\t\t\t<div class=\"elementor-widget-container\">\n\t\t\t\t\t\t\t\t\t\t\t\t\t\t\t\t<a href=\"https:\/\/sabotiga.es\/wp-content\/uploads\/2025\/03\/Aleman-.xlsx\">\n\t\t\t\t\t\t\t<img decoding=\"async\" width=\"100\" height=\"100\" src=\"https:\/\/sabotiga.es\/wp-content\/uploads\/2025\/03\/Flag_of_Germany.svg-100x100.png\" class=\"attachment-woocommerce_gallery_thumbnail size-woocommerce_gallery_thumbnail wp-image-1169\" alt=\"\" srcset=\"https:\/\/sabotiga.es\/wp-content\/uploads\/2025\/03\/Flag_of_Germany.svg-100x100.png 100w, https:\/\/sabotiga.es\/wp-content\/uploads\/2025\/03\/Flag_of_Germany.svg-150x150.png 150w\" sizes=\"(max-width: 100px) 100vw, 100px\" \/>\t\t\t\t\t\t\t\t<\/a>\n\t\t\t\t\t\t\t\t\t\t\t\t\t\t\t<\/div>\n\t\t\t\t<\/div>\n\t\t\t\t<div class=\"elementor-element elementor-element-e3fbec1 elementor-widget__width-auto elementor-widget elementor-widget-image\" data-id=\"e3fbec1\" data-element_type=\"widget\" data-e-type=\"widget\" data-widget_type=\"image.default\">\n\t\t\t\t<div class=\"elementor-widget-container\">\n\t\t\t\t\t\t\t\t\t\t\t\t\t\t\t\t<a href=\"https:\/\/sabotiga.es\/wp-content\/uploads\/2025\/03\/Italiano.xlsx\">\n\t\t\t\t\t\t\t<img decoding=\"async\" width=\"150\" height=\"150\" src=\"https:\/\/sabotiga.es\/wp-content\/uploads\/2025\/03\/flat-illustration-of-italy-national-flag-italy-flag-design-italy-wave-flag-free-vector-150x150.jpg\" class=\"attachment-thumbnail size-thumbnail wp-image-1167\" alt=\"\" srcset=\"https:\/\/sabotiga.es\/wp-content\/uploads\/2025\/03\/flat-illustration-of-italy-national-flag-italy-flag-design-italy-wave-flag-free-vector-150x150.jpg 150w, https:\/\/sabotiga.es\/wp-content\/uploads\/2025\/03\/flat-illustration-of-italy-national-flag-italy-flag-design-italy-wave-flag-free-vector-300x300.jpg 300w, https:\/\/sabotiga.es\/wp-content\/uploads\/2025\/03\/flat-illustration-of-italy-national-flag-italy-flag-design-italy-wave-flag-free-vector-100x100.jpg 100w\" sizes=\"(max-width: 150px) 100vw, 150px\" \/>\t\t\t\t\t\t\t\t<\/a>\n\t\t\t\t\t\t\t\t\t\t\t\t\t\t\t<\/div>\n\t\t\t\t<\/div>\n\t\t\t\t<div class=\"elementor-element elementor-element-5f0575f elementor-widget__width-auto elementor-widget elementor-widget-image\" data-id=\"5f0575f\" data-element_type=\"widget\" data-e-type=\"widget\" data-widget_type=\"image.default\">\n\t\t\t\t<div class=\"elementor-widget-container\">\n\t\t\t\t\t\t\t\t\t\t\t\t\t\t\t\t<a href=\"https:\/\/sabotiga.es\/wp-content\/uploads\/2025\/03\/Russo.xlsx\">\n\t\t\t\t\t\t\t<img loading=\"lazy\" decoding=\"async\" width=\"150\" height=\"150\" src=\"https:\/\/sabotiga.es\/wp-content\/uploads\/2025\/03\/Flag_of_Russia.svg-150x150.webp\" class=\"attachment-thumbnail size-thumbnail wp-image-1164\" alt=\"\" srcset=\"https:\/\/sabotiga.es\/wp-content\/uploads\/2025\/03\/Flag_of_Russia.svg-150x150.webp 150w, https:\/\/sabotiga.es\/wp-content\/uploads\/2025\/03\/Flag_of_Russia.svg-300x300.webp 300w, https:\/\/sabotiga.es\/wp-content\/uploads\/2025\/03\/Flag_of_Russia.svg-100x100.webp 100w\" sizes=\"(max-width: 150px) 100vw, 150px\" \/>\t\t\t\t\t\t\t\t<\/a>\n\t\t\t\t\t\t\t\t\t\t\t\t\t\t\t<\/div>\n\t\t\t\t<\/div>\n\t\t\t\t<div class=\"elementor-element elementor-element-c684071 elementor-widget__width-auto elementor-widget elementor-widget-image\" data-id=\"c684071\" data-element_type=\"widget\" data-e-type=\"widget\" data-widget_type=\"image.default\">\n\t\t\t\t<div class=\"elementor-widget-container\">\n\t\t\t\t\t\t\t\t\t\t\t\t\t\t\t\t<a href=\"https:\/\/sabotiga.es\/wp-content\/uploads\/2025\/03\/Frances.xlsx\">\n\t\t\t\t\t\t\t<img loading=\"lazy\" decoding=\"async\" width=\"150\" height=\"150\" src=\"https:\/\/sabotiga.es\/wp-content\/uploads\/2025\/03\/Flag_of_France.svg-1-150x150.png\" class=\"attachment-thumbnail size-thumbnail wp-image-1163\" alt=\"\" srcset=\"https:\/\/sabotiga.es\/wp-content\/uploads\/2025\/03\/Flag_of_France.svg-1-150x150.png 150w, https:\/\/sabotiga.es\/wp-content\/uploads\/2025\/03\/Flag_of_France.svg-1-100x100.png 100w\" sizes=\"(max-width: 150px) 100vw, 150px\" \/>\t\t\t\t\t\t\t\t<\/a>\n\t\t\t\t\t\t\t\t\t\t\t\t\t\t\t<\/div>\n\t\t\t\t<\/div>\n\t\t\t\t<div class=\"elementor-element elementor-element-16b6853 elementor-widget elementor-widget-image\" data-id=\"16b6853\" data-element_type=\"widget\" data-e-type=\"widget\" data-widget_type=\"image.default\">\n\t\t\t\t<div class=\"elementor-widget-container\">\n\t\t\t\t\t\t\t\t\t\t\t\t\t\t\t\t<a href=\"https:\/\/sabotiga.es\/wp-content\/uploads\/2025\/03\/Ingles.xlsx\">\n\t\t\t\t\t\t\t<img loading=\"lazy\" decoding=\"async\" width=\"150\" height=\"90\" src=\"https:\/\/sabotiga.es\/wp-content\/uploads\/2025\/03\/Flag_of_Great_Britain_1707\u20131800.svg\" class=\"attachment-thumbnail size-thumbnail wp-image-1165\" alt=\"\" \/>\t\t\t\t\t\t\t\t<\/a>\n\t\t\t\t\t\t\t\t\t\t\t\t\t\t\t<\/div>\n\t\t\t\t<\/div>\n\t\t\t\t\t<\/div>\n\t\t\t\t<\/div>\n\t\t\t\t<\/div>","protected":false},"excerpt":{"rendered":"<p>1 Descarga el Excel: &#8211; Haz clic en el enlace de descarga y elige el idioma que prefieras usando la bandera. 2 Rellena el Excel: &#8211; Abre el archivo descargado y pon la cantidad de cada producto que deseas pedir. El precio se sumar\u00e1 autom\u00e1ticamente. &#8211; No olvides incluir el nombre del barco, direcci\u00f3n de [&hellip;]<\/p>\n","protected":false},"author":3,"featured_media":0,"parent":0,"menu_order":0,"comment_status":"closed","ping_status":"closed","template":"","meta":{"footnotes":""},"class_list":["post-1131","page","type-page","status-publish","hentry"],"blocksy_meta":[],"_links":{"self":[{"href":"https:\/\/sabotiga.es\/en\/wp-json\/wp\/v2\/pages\/1131","targetHints":{"allow":["GET"]}}],"collection":[{"href":"https:\/\/sabotiga.es\/en\/wp-json\/wp\/v2\/pages"}],"about":[{"href":"https:\/\/sabotiga.es\/en\/wp-json\/wp\/v2\/types\/page"}],"author":[{"embeddable":true,"href":"https:\/\/sabotiga.es\/en\/wp-json\/wp\/v2\/users\/3"}],"replies":[{"embeddable":true,"href":"https:\/\/sabotiga.es\/en\/wp-json\/wp\/v2\/comments?post=1131"}],"version-history":[{"count":25,"href":"https:\/\/sabotiga.es\/en\/wp-json\/wp\/v2\/pages\/1131\/revisions"}],"predecessor-version":[{"id":1562,"href":"https:\/\/sabotiga.es\/en\/wp-json\/wp\/v2\/pages\/1131\/revisions\/1562"}],"wp:attachment":[{"href":"https:\/\/sabotiga.es\/en\/wp-json\/wp\/v2\/media?parent=1131"}],"curies":[{"name":"wp","href":"https:\/\/api.w.org\/{rel}","templated":true}]}}